{"id":3449,"date":"2024-08-20T09:29:31","date_gmt":"2024-08-20T09:29:31","guid":{"rendered":"https:\/\/outdoor.promocrat.ro\/produs\/paste-cu-vita-si-sos-de-piper\/"},"modified":"2024-12-16T11:58:26","modified_gmt":"2024-12-16T11:58:26","slug":"beef-pasta-with-pepper-sauce","status":"publish","type":"product","link":"https:\/\/mre.ro\/en\/produs\/beef-pasta-with-pepper-sauce\/","title":{"rendered":"Beef Pasta with Pepper Sauce"},"content":{"rendered":"<p><strong>Ingredients:<\/strong> Water, beef (16%), pasta [durum wheat flour, wheat flour (wheat, gluten)] (8%), carrots (7%), sweet corn, green beans, mushrooms, vegetable oil [100% sunflower oil], modified starch (E1422), milk powder (milk), salt, cream [vegetable fats (palm), wheat or corn glucose syrup, milk proteins (milk), lactose, stabilizers: E340, E451, emulsifiers: E481, E472c, anti-caking agent: E551, color: E160a], flavors [corn (GMO), salt, sugar, hydrolyzed vegetable protein [soy (GMO)], vegetable powder [onion (irradiated)], yeast extract, coloring (E150c), flavoring substances, dextrose, flavor enhancers (E631, E627), acids (E297, E330), flavor enhancer MSG (E621), anti-caking agent (E551), powdered fat (milk), garlic, brown sugar, salt, sugar, flavor enhancer MSG, corn starch (GMO), milk powder (milk), hydrolyzed vegetable protein [soy (GMO)], yeast extract, flavoring substances, anti-caking agent, spices.<\/p>\n<p><strong>Allergens:<\/strong> Milk, Gluten, Eggs. May contain Soy.<\/p>\n<p><strong>Heating Instructions:<\/strong><\/p>\n<ul>\n<li><strong>Do not expose to open flame.<\/strong><\/li>\n<li><strong>Microwave:<\/strong> Do not heat the pouch in the microwave. Empty contents into a microwave-safe dish and heat on high for 1-5 minutes.<\/li>\n<li><strong>Flameless Heater:<\/strong> Follow the instructions on the heating pouch.<\/li>\n<li><strong>Boiling Water:<\/strong> Bring water to a boil in a pot, immerse the food pouch for 10-15 minutes, remove carefully, and open.<\/li>\n<\/ul>\n<p><strong>Warning:<\/strong> This product was packaged in a facility that processes peanuts, tree nuts (almonds, cashews, hazelnuts), sulfur dioxide, eggs, fish, and sesame seeds.<\/p>\n<p><strong>Type:<\/strong> Meal Ready to Eat.<\/p>\n<p><strong>Storage Conditions:<\/strong> Store in a cool (ambient temperature) and dry area (+\/- 50% relative humidity), away from direct sunlight.<\/p>\n<p><strong>Shelf Life:<\/strong> Rationtech cannot guarantee the shelf life of any product that is repackaged\/stored or handled outside its direct control. 36 months (or as specified) from the processing date for packaged products, provided the product is stored according to the specified storage conditions.<\/p>\n<p><strong>Packaging:<\/strong> Four-layer material (PET12\/Alu9\/Nylon15\/CPP60 \u2013 polyester, aluminum foil, biaxially-oriented nylon-6, and cast polypropylene).<\/p>\n<p><strong>Transport Packaging:<\/strong> In sealed, food-grade containers and\/or packed in corrugated cardboard boxes.<\/p>\n<p><strong>Contraindications:<\/strong> Not recommended for infants or young children. This product may pose a choking hazard for children.<\/p>\n<p><strong>International Standards:<\/strong><\/p>\n<ul>\n<li>Food safety management system implemented.<\/li>\n<li>Halaal certified.<\/li>\n<li>Non-GMO.<\/li>\n<li>Allergen control system in place.<\/li>\n<\/ul>\n","protected":false},"excerpt":{"rendered":"<p>400g<\/p>\n","protected":false},"featured_media":3269,"comment_status":"open","ping_status":"closed","template":"","meta":{"_acf_changed":false},"product_brand":[],"product_cat":[148,126],"product_tag":[128,150,155,151],"class_list":{"0":"post-3449","1":"product","2":"type-product","3":"status-publish","4":"has-post-thumbnail","6":"product_cat-beef","7":"product_cat-main-dishes","8":"product_tag-fel-principal-en","9":"product_tag-paste-en","10":"product_tag-paste-vita-en","11":"product_tag-vita-en","13":"first","14":"instock","15":"shipping-taxable","16":"product-type-simple"},"acf":[],"yoast_head":"<!-- This site is optimized with the Yoast SEO plugin v24.3 - https:\/\/yoast.com\/wordpress\/plugins\/seo\/ -->\n<title>Pepper Steak with Pasta | Hearty Meal for Hikes- MRE by RationTech<\/title>\n<meta name=\"description\" content=\"Pepper Steak with Pasta, a hearty and ready-to-eat meal, perfect for hiking and camping. A nutritious choice for your outdoor adventures.\" \/>\n<meta name=\"robots\" content=\"index, follow, max-snippet:-1, max-image-preview:large, max-video-preview:-1\" \/>\n<link rel=\"canonical\" href=\"https:\/\/mre.ro\/en\/produs\/beef-pasta-with-pepper-sauce\/\" \/>\n<meta property=\"og:locale\" content=\"en_US\" \/>\n<meta property=\"og:type\" content=\"article\" \/>\n<meta property=\"og:title\" content=\"Pepper Steak with Pasta | Hearty Meal for Hikes- MRE by RationTech\" \/>\n<meta property=\"og:description\" content=\"Pepper Steak with Pasta, a hearty and ready-to-eat meal, perfect for hiking and camping. A nutritious choice for your outdoor adventures.\" \/>\n<meta property=\"og:url\" content=\"https:\/\/mre.ro\/en\/produs\/beef-pasta-with-pepper-sauce\/\" \/>\n<meta property=\"og:site_name\" content=\"MRE by RationTech\" \/>\n<meta property=\"article:modified_time\" content=\"2024-12-16T11:58:26+00:00\" \/>\n<meta property=\"og:image\" content=\"https:\/\/mre.ro\/wp-content\/uploads\/2024\/08\/Peppersteak-Pasta_2.jpg\" \/>\n\t<meta property=\"og:image:width\" content=\"1500\" \/>\n\t<meta property=\"og:image:height\" content=\"1500\" \/>\n\t<meta property=\"og:image:type\" content=\"image\/jpeg\" \/>\n<meta name=\"twitter:card\" content=\"summary_large_image\" \/>\n<meta name=\"twitter:label1\" content=\"Est. reading time\" \/>\n\t<meta name=\"twitter:data1\" content=\"3 minutes\" \/>\n<script type=\"application\/ld+json\" class=\"yoast-schema-graph\">{\"@context\":\"https:\/\/schema.org\",\"@graph\":[{\"@type\":\"WebPage\",\"@id\":\"https:\/\/mre.ro\/en\/produs\/beef-pasta-with-pepper-sauce\/\",\"url\":\"https:\/\/mre.ro\/en\/produs\/beef-pasta-with-pepper-sauce\/\",\"name\":\"Pepper Steak with Pasta | Hearty Meal for Hikes- MRE by RationTech\",\"isPartOf\":{\"@id\":\"https:\/\/mre.ro\/#website\"},\"primaryImageOfPage\":{\"@id\":\"https:\/\/mre.ro\/en\/produs\/beef-pasta-with-pepper-sauce\/#primaryimage\"},\"image\":{\"@id\":\"https:\/\/mre.ro\/en\/produs\/beef-pasta-with-pepper-sauce\/#primaryimage\"},\"thumbnailUrl\":\"https:\/\/mre.ro\/wp-content\/uploads\/2024\/08\/Peppersteak-Pasta_2.jpg\",\"datePublished\":\"2024-08-20T09:29:31+00:00\",\"dateModified\":\"2024-12-16T11:58:26+00:00\",\"description\":\"Pepper Steak with Pasta, a hearty and ready-to-eat meal, perfect for hiking and camping. A nutritious choice for your outdoor adventures.\",\"breadcrumb\":{\"@id\":\"https:\/\/mre.ro\/en\/produs\/beef-pasta-with-pepper-sauce\/#breadcrumb\"},\"inLanguage\":\"en-US\",\"potentialAction\":[{\"@type\":\"ReadAction\",\"target\":[\"https:\/\/mre.ro\/en\/produs\/beef-pasta-with-pepper-sauce\/\"]}]},{\"@type\":\"ImageObject\",\"inLanguage\":\"en-US\",\"@id\":\"https:\/\/mre.ro\/en\/produs\/beef-pasta-with-pepper-sauce\/#primaryimage\",\"url\":\"https:\/\/mre.ro\/wp-content\/uploads\/2024\/08\/Peppersteak-Pasta_2.jpg\",\"contentUrl\":\"https:\/\/mre.ro\/wp-content\/uploads\/2024\/08\/Peppersteak-Pasta_2.jpg\",\"width\":1500,\"height\":1500,\"caption\":\"Friptur\u0103 de vit\u0103 cu sos de piper, o mas\u0103 sofisticat\u0103 pentru aventuri outdoor\"},{\"@type\":\"BreadcrumbList\",\"@id\":\"https:\/\/mre.ro\/en\/produs\/beef-pasta-with-pepper-sauce\/#breadcrumb\",\"itemListElement\":[{\"@type\":\"ListItem\",\"position\":1,\"name\":\"Home\",\"item\":\"https:\/\/mre.ro\/\"},{\"@type\":\"ListItem\",\"position\":2,\"name\":\"Products\",\"item\":\"https:\/\/mre.ro\/produse-copy-copy\/\"},{\"@type\":\"ListItem\",\"position\":3,\"name\":\"Beef Pasta with Pepper Sauce\"}]},{\"@type\":\"WebSite\",\"@id\":\"https:\/\/mre.ro\/#website\",\"url\":\"https:\/\/mre.ro\/\",\"name\":\"MRE by RationTech\",\"description\":\"\",\"publisher\":{\"@id\":\"https:\/\/mre.ro\/#organization\"},\"potentialAction\":[{\"@type\":\"SearchAction\",\"target\":{\"@type\":\"EntryPoint\",\"urlTemplate\":\"https:\/\/mre.ro\/?s={search_term_string}\"},\"query-input\":{\"@type\":\"PropertyValueSpecification\",\"valueRequired\":true,\"valueName\":\"search_term_string\"}}],\"inLanguage\":\"en-US\"},{\"@type\":\"Organization\",\"@id\":\"https:\/\/mre.ro\/#organization\",\"name\":\"RationTech\",\"url\":\"https:\/\/mre.ro\/\",\"logo\":{\"@type\":\"ImageObject\",\"inLanguage\":\"en-US\",\"@id\":\"https:\/\/mre.ro\/#\/schema\/logo\/image\/\",\"url\":\"https:\/\/mre.ro\/wp-content\/uploads\/2024\/07\/outdoorcuisine_romania_logo.png\",\"contentUrl\":\"https:\/\/mre.ro\/wp-content\/uploads\/2024\/07\/outdoorcuisine_romania_logo.png\",\"width\":1051,\"height\":443,\"caption\":\"RationTech\"},\"image\":{\"@id\":\"https:\/\/mre.ro\/#\/schema\/logo\/image\/\"}}]}<\/script>\n<!-- \/ Yoast SEO plugin. -->","yoast_head_json":{"title":"Pepper Steak with Pasta | Hearty Meal for Hikes- MRE by RationTech","description":"Pepper Steak with Pasta, a hearty and ready-to-eat meal, perfect for hiking and camping. A nutritious choice for your outdoor adventures.","robots":{"index":"index","follow":"follow","max-snippet":"max-snippet:-1","max-image-preview":"max-image-preview:large","max-video-preview":"max-video-preview:-1"},"canonical":"https:\/\/mre.ro\/en\/produs\/beef-pasta-with-pepper-sauce\/","og_locale":"en_US","og_type":"article","og_title":"Pepper Steak with Pasta | Hearty Meal for Hikes- MRE by RationTech","og_description":"Pepper Steak with Pasta, a hearty and ready-to-eat meal, perfect for hiking and camping. A nutritious choice for your outdoor adventures.","og_url":"https:\/\/mre.ro\/en\/produs\/beef-pasta-with-pepper-sauce\/","og_site_name":"MRE by RationTech","article_modified_time":"2024-12-16T11:58:26+00:00","og_image":[{"width":1500,"height":1500,"url":"https:\/\/mre.ro\/wp-content\/uploads\/2024\/08\/Peppersteak-Pasta_2.jpg","type":"image\/jpeg"}],"twitter_card":"summary_large_image","twitter_misc":{"Est. reading time":"3 minutes"},"schema":{"@context":"https:\/\/schema.org","@graph":[{"@type":"WebPage","@id":"https:\/\/mre.ro\/en\/produs\/beef-pasta-with-pepper-sauce\/","url":"https:\/\/mre.ro\/en\/produs\/beef-pasta-with-pepper-sauce\/","name":"Pepper Steak with Pasta | Hearty Meal for Hikes- MRE by RationTech","isPartOf":{"@id":"https:\/\/mre.ro\/#website"},"primaryImageOfPage":{"@id":"https:\/\/mre.ro\/en\/produs\/beef-pasta-with-pepper-sauce\/#primaryimage"},"image":{"@id":"https:\/\/mre.ro\/en\/produs\/beef-pasta-with-pepper-sauce\/#primaryimage"},"thumbnailUrl":"https:\/\/mre.ro\/wp-content\/uploads\/2024\/08\/Peppersteak-Pasta_2.jpg","datePublished":"2024-08-20T09:29:31+00:00","dateModified":"2024-12-16T11:58:26+00:00","description":"Pepper Steak with Pasta, a hearty and ready-to-eat meal, perfect for hiking and camping. A nutritious choice for your outdoor adventures.","breadcrumb":{"@id":"https:\/\/mre.ro\/en\/produs\/beef-pasta-with-pepper-sauce\/#breadcrumb"},"inLanguage":"en-US","potentialAction":[{"@type":"ReadAction","target":["https:\/\/mre.ro\/en\/produs\/beef-pasta-with-pepper-sauce\/"]}]},{"@type":"ImageObject","inLanguage":"en-US","@id":"https:\/\/mre.ro\/en\/produs\/beef-pasta-with-pepper-sauce\/#primaryimage","url":"https:\/\/mre.ro\/wp-content\/uploads\/2024\/08\/Peppersteak-Pasta_2.jpg","contentUrl":"https:\/\/mre.ro\/wp-content\/uploads\/2024\/08\/Peppersteak-Pasta_2.jpg","width":1500,"height":1500,"caption":"Friptur\u0103 de vit\u0103 cu sos de piper, o mas\u0103 sofisticat\u0103 pentru aventuri outdoor"},{"@type":"BreadcrumbList","@id":"https:\/\/mre.ro\/en\/produs\/beef-pasta-with-pepper-sauce\/#breadcrumb","itemListElement":[{"@type":"ListItem","position":1,"name":"Home","item":"https:\/\/mre.ro\/"},{"@type":"ListItem","position":2,"name":"Products","item":"https:\/\/mre.ro\/produse-copy-copy\/"},{"@type":"ListItem","position":3,"name":"Beef Pasta with Pepper Sauce"}]},{"@type":"WebSite","@id":"https:\/\/mre.ro\/#website","url":"https:\/\/mre.ro\/","name":"MRE by RationTech","description":"","publisher":{"@id":"https:\/\/mre.ro\/#organization"},"potentialAction":[{"@type":"SearchAction","target":{"@type":"EntryPoint","urlTemplate":"https:\/\/mre.ro\/?s={search_term_string}"},"query-input":{"@type":"PropertyValueSpecification","valueRequired":true,"valueName":"search_term_string"}}],"inLanguage":"en-US"},{"@type":"Organization","@id":"https:\/\/mre.ro\/#organization","name":"RationTech","url":"https:\/\/mre.ro\/","logo":{"@type":"ImageObject","inLanguage":"en-US","@id":"https:\/\/mre.ro\/#\/schema\/logo\/image\/","url":"https:\/\/mre.ro\/wp-content\/uploads\/2024\/07\/outdoorcuisine_romania_logo.png","contentUrl":"https:\/\/mre.ro\/wp-content\/uploads\/2024\/07\/outdoorcuisine_romania_logo.png","width":1051,"height":443,"caption":"RationTech"},"image":{"@id":"https:\/\/mre.ro\/#\/schema\/logo\/image\/"}}]}},"_links":{"self":[{"href":"https:\/\/mre.ro\/en\/wp-json\/wp\/v2\/product\/3449","targetHints":{"allow":["GET"]}}],"collection":[{"href":"https:\/\/mre.ro\/en\/wp-json\/wp\/v2\/product"}],"about":[{"href":"https:\/\/mre.ro\/en\/wp-json\/wp\/v2\/types\/product"}],"replies":[{"embeddable":true,"href":"https:\/\/mre.ro\/en\/wp-json\/wp\/v2\/comments?post=3449"}],"version-history":[{"count":4,"href":"https:\/\/mre.ro\/en\/wp-json\/wp\/v2\/product\/3449\/revisions"}],"predecessor-version":[{"id":4022,"href":"https:\/\/mre.ro\/en\/wp-json\/wp\/v2\/product\/3449\/revisions\/4022"}],"wp:featuredmedia":[{"embeddable":true,"href":"https:\/\/mre.ro\/en\/wp-json\/wp\/v2\/media\/3269"}],"wp:attachment":[{"href":"https:\/\/mre.ro\/en\/wp-json\/wp\/v2\/media?parent=3449"}],"wp:term":[{"taxonomy":"product_brand","embeddable":true,"href":"https:\/\/mre.ro\/en\/wp-json\/wp\/v2\/product_brand?post=3449"},{"taxonomy":"product_cat","embeddable":true,"href":"https:\/\/mre.ro\/en\/wp-json\/wp\/v2\/product_cat?post=3449"},{"taxonomy":"product_tag","embeddable":true,"href":"https:\/\/mre.ro\/en\/wp-json\/wp\/v2\/product_tag?post=3449"}],"curies":[{"name":"wp","href":"https:\/\/api.w.org\/{rel}","templated":true}]}}