{"id":3443,"date":"2024-08-20T10:18:31","date_gmt":"2024-08-20T10:18:31","guid":{"rendered":"https:\/\/outdoor.promocrat.ro\/produs\/ciocolata-calda-instant\/"},"modified":"2024-12-16T13:06:00","modified_gmt":"2024-12-16T13:06:00","slug":"instant-hot-chocolate","status":"publish","type":"product","link":"https:\/\/mre.ro\/en\/produs\/instant-hot-chocolate\/","title":{"rendered":"Instant Hot Chocolate"},"content":{"rendered":"<p><strong>Allergens:<\/strong> None.<\/p>\n<p><strong>Warning:<\/strong>This product was manufactured in a facility that processes soy, peanuts, tree nuts (almonds, cashews, hazelnuts), sulfur dioxide, wheat, gluten, milk, eggs, fish, and sesame seeds.<\/p>\n<p><strong>Type:<\/strong> Instant Beverage.<\/p>\n<p><strong>Storage Conditions:<\/strong> Store in a cool (ambient temperature) and dry area (+\/- 50% relative humidity), away from direct sunlight.<\/p>\n<p><strong>Shelf Life:<\/strong> Rationtech cannot guarantee the shelf life of any product that is repackaged, stored, or handled outside its direct control. 36 months (or as indicated) from the processing date for packaged products, provided the product is stored in accordance with the specified storage conditions.<\/p>\n<p><strong>Transport Packaging:<\/strong> In sealed, food-grade containers and\/or packed in corrugated cardboard boxes.<\/p>\n<p><strong>Contraindications:<\/strong> Not recommended for infants or young children. This product may pose a choking hazard for children.<\/p>\n<p><strong>International Standards:<\/strong><\/p>\n<ul>\n<li>Food safety management system implemented.<\/li>\n<li>Halaal certified.<\/li>\n<li>Non-GMO.<\/li>\n<li>Allergen control system in place.<\/li>\n<\/ul>\n","protected":false},"excerpt":{"rendered":"<p>10 x 50g<\/p>\n","protected":false},"featured_media":3262,"comment_status":"open","ping_status":"closed","template":"","meta":{"_acf_changed":false},"product_brand":[],"product_cat":[114],"product_tag":[108,109],"class_list":{"0":"post-3443","1":"product","2":"type-product","3":"status-publish","4":"has-post-thumbnail","6":"product_cat-drinks","7":"product_tag-ciocolata-en","8":"product_tag-dulciuri-en","10":"first","11":"instock","12":"shipping-taxable","13":"product-type-simple"},"acf":[],"yoast_head":"<!-- This site is optimized with the Yoast SEO plugin v24.3 - https:\/\/yoast.com\/wordpress\/plugins\/seo\/ -->\n<title>Instant Hot Chocolate | Comforting Beverage for Hikes - MRE by RationTech<\/title>\n<meta name=\"description\" content=\"Instant Hot Chocolate, a comforting and sweet beverage, perfect for a relaxing break during camping and expeditions. Rich flavor for indulgent moments.\" \/>\n<meta name=\"robots\" content=\"index, follow, max-snippet:-1, max-image-preview:large, max-video-preview:-1\" \/>\n<link rel=\"canonical\" href=\"https:\/\/mre.ro\/en\/produs\/instant-hot-chocolate\/\" \/>\n<meta property=\"og:locale\" content=\"en_US\" \/>\n<meta property=\"og:type\" content=\"article\" \/>\n<meta property=\"og:title\" content=\"Instant Hot Chocolate | Comforting Beverage for Hikes - MRE by RationTech\" \/>\n<meta property=\"og:description\" content=\"Instant Hot Chocolate, a comforting and sweet beverage, perfect for a relaxing break during camping and expeditions. Rich flavor for indulgent moments.\" \/>\n<meta property=\"og:url\" content=\"https:\/\/mre.ro\/en\/produs\/instant-hot-chocolate\/\" \/>\n<meta property=\"og:site_name\" content=\"MRE by RationTech\" \/>\n<meta property=\"article:modified_time\" content=\"2024-12-16T13:06:00+00:00\" \/>\n<meta property=\"og:image\" content=\"https:\/\/mre.ro\/wp-content\/uploads\/2024\/08\/ciocolata-calda.jpg\" \/>\n\t<meta property=\"og:image:width\" content=\"2400\" \/>\n\t<meta property=\"og:image:height\" content=\"2400\" \/>\n\t<meta property=\"og:image:type\" content=\"image\/jpeg\" \/>\n<meta name=\"twitter:card\" content=\"summary_large_image\" \/>\n<meta name=\"twitter:label1\" content=\"Est. reading time\" \/>\n\t<meta name=\"twitter:data1\" content=\"1 minute\" \/>\n<script type=\"application\/ld+json\" class=\"yoast-schema-graph\">{\"@context\":\"https:\/\/schema.org\",\"@graph\":[{\"@type\":\"WebPage\",\"@id\":\"https:\/\/mre.ro\/en\/produs\/instant-hot-chocolate\/\",\"url\":\"https:\/\/mre.ro\/en\/produs\/instant-hot-chocolate\/\",\"name\":\"Instant Hot Chocolate | Comforting Beverage for Hikes - MRE by RationTech\",\"isPartOf\":{\"@id\":\"https:\/\/mre.ro\/#website\"},\"primaryImageOfPage\":{\"@id\":\"https:\/\/mre.ro\/en\/produs\/instant-hot-chocolate\/#primaryimage\"},\"image\":{\"@id\":\"https:\/\/mre.ro\/en\/produs\/instant-hot-chocolate\/#primaryimage\"},\"thumbnailUrl\":\"https:\/\/mre.ro\/wp-content\/uploads\/2024\/08\/ciocolata-calda.jpg\",\"datePublished\":\"2024-08-20T10:18:31+00:00\",\"dateModified\":\"2024-12-16T13:06:00+00:00\",\"description\":\"Instant Hot Chocolate, a comforting and sweet beverage, perfect for a relaxing break during camping and expeditions. Rich flavor for indulgent moments.\",\"breadcrumb\":{\"@id\":\"https:\/\/mre.ro\/en\/produs\/instant-hot-chocolate\/#breadcrumb\"},\"inLanguage\":\"en-US\",\"potentialAction\":[{\"@type\":\"ReadAction\",\"target\":[\"https:\/\/mre.ro\/en\/produs\/instant-hot-chocolate\/\"]}]},{\"@type\":\"ImageObject\",\"inLanguage\":\"en-US\",\"@id\":\"https:\/\/mre.ro\/en\/produs\/instant-hot-chocolate\/#primaryimage\",\"url\":\"https:\/\/mre.ro\/wp-content\/uploads\/2024\/08\/ciocolata-calda.jpg\",\"contentUrl\":\"https:\/\/mre.ro\/wp-content\/uploads\/2024\/08\/ciocolata-calda.jpg\",\"width\":2400,\"height\":2400,\"caption\":\"Ciocolat\u0103 cald\u0103, ideal\u0103 pentru o pauz\u0103 dulce \u00een aventuri outdoor\"},{\"@type\":\"BreadcrumbList\",\"@id\":\"https:\/\/mre.ro\/en\/produs\/instant-hot-chocolate\/#breadcrumb\",\"itemListElement\":[{\"@type\":\"ListItem\",\"position\":1,\"name\":\"Home\",\"item\":\"https:\/\/mre.ro\/\"},{\"@type\":\"ListItem\",\"position\":2,\"name\":\"Products\",\"item\":\"https:\/\/mre.ro\/produse-copy-copy\/\"},{\"@type\":\"ListItem\",\"position\":3,\"name\":\"Instant Hot Chocolate\"}]},{\"@type\":\"WebSite\",\"@id\":\"https:\/\/mre.ro\/#website\",\"url\":\"https:\/\/mre.ro\/\",\"name\":\"MRE by RationTech\",\"description\":\"\",\"publisher\":{\"@id\":\"https:\/\/mre.ro\/#organization\"},\"potentialAction\":[{\"@type\":\"SearchAction\",\"target\":{\"@type\":\"EntryPoint\",\"urlTemplate\":\"https:\/\/mre.ro\/?s={search_term_string}\"},\"query-input\":{\"@type\":\"PropertyValueSpecification\",\"valueRequired\":true,\"valueName\":\"search_term_string\"}}],\"inLanguage\":\"en-US\"},{\"@type\":\"Organization\",\"@id\":\"https:\/\/mre.ro\/#organization\",\"name\":\"RationTech\",\"url\":\"https:\/\/mre.ro\/\",\"logo\":{\"@type\":\"ImageObject\",\"inLanguage\":\"en-US\",\"@id\":\"https:\/\/mre.ro\/#\/schema\/logo\/image\/\",\"url\":\"https:\/\/mre.ro\/wp-content\/uploads\/2024\/07\/outdoorcuisine_romania_logo.png\",\"contentUrl\":\"https:\/\/mre.ro\/wp-content\/uploads\/2024\/07\/outdoorcuisine_romania_logo.png\",\"width\":1051,\"height\":443,\"caption\":\"RationTech\"},\"image\":{\"@id\":\"https:\/\/mre.ro\/#\/schema\/logo\/image\/\"}}]}<\/script>\n<!-- \/ Yoast SEO plugin. -->","yoast_head_json":{"title":"Instant Hot Chocolate | Comforting Beverage for Hikes - MRE by RationTech","description":"Instant Hot Chocolate, a comforting and sweet beverage, perfect for a relaxing break during camping and expeditions. Rich flavor for indulgent moments.","robots":{"index":"index","follow":"follow","max-snippet":"max-snippet:-1","max-image-preview":"max-image-preview:large","max-video-preview":"max-video-preview:-1"},"canonical":"https:\/\/mre.ro\/en\/produs\/instant-hot-chocolate\/","og_locale":"en_US","og_type":"article","og_title":"Instant Hot Chocolate | Comforting Beverage for Hikes - MRE by RationTech","og_description":"Instant Hot Chocolate, a comforting and sweet beverage, perfect for a relaxing break during camping and expeditions. Rich flavor for indulgent moments.","og_url":"https:\/\/mre.ro\/en\/produs\/instant-hot-chocolate\/","og_site_name":"MRE by RationTech","article_modified_time":"2024-12-16T13:06:00+00:00","og_image":[{"width":2400,"height":2400,"url":"https:\/\/mre.ro\/wp-content\/uploads\/2024\/08\/ciocolata-calda.jpg","type":"image\/jpeg"}],"twitter_card":"summary_large_image","twitter_misc":{"Est. reading time":"1 minute"},"schema":{"@context":"https:\/\/schema.org","@graph":[{"@type":"WebPage","@id":"https:\/\/mre.ro\/en\/produs\/instant-hot-chocolate\/","url":"https:\/\/mre.ro\/en\/produs\/instant-hot-chocolate\/","name":"Instant Hot Chocolate | Comforting Beverage for Hikes - MRE by RationTech","isPartOf":{"@id":"https:\/\/mre.ro\/#website"},"primaryImageOfPage":{"@id":"https:\/\/mre.ro\/en\/produs\/instant-hot-chocolate\/#primaryimage"},"image":{"@id":"https:\/\/mre.ro\/en\/produs\/instant-hot-chocolate\/#primaryimage"},"thumbnailUrl":"https:\/\/mre.ro\/wp-content\/uploads\/2024\/08\/ciocolata-calda.jpg","datePublished":"2024-08-20T10:18:31+00:00","dateModified":"2024-12-16T13:06:00+00:00","description":"Instant Hot Chocolate, a comforting and sweet beverage, perfect for a relaxing break during camping and expeditions. Rich flavor for indulgent moments.","breadcrumb":{"@id":"https:\/\/mre.ro\/en\/produs\/instant-hot-chocolate\/#breadcrumb"},"inLanguage":"en-US","potentialAction":[{"@type":"ReadAction","target":["https:\/\/mre.ro\/en\/produs\/instant-hot-chocolate\/"]}]},{"@type":"ImageObject","inLanguage":"en-US","@id":"https:\/\/mre.ro\/en\/produs\/instant-hot-chocolate\/#primaryimage","url":"https:\/\/mre.ro\/wp-content\/uploads\/2024\/08\/ciocolata-calda.jpg","contentUrl":"https:\/\/mre.ro\/wp-content\/uploads\/2024\/08\/ciocolata-calda.jpg","width":2400,"height":2400,"caption":"Ciocolat\u0103 cald\u0103, ideal\u0103 pentru o pauz\u0103 dulce \u00een aventuri outdoor"},{"@type":"BreadcrumbList","@id":"https:\/\/mre.ro\/en\/produs\/instant-hot-chocolate\/#breadcrumb","itemListElement":[{"@type":"ListItem","position":1,"name":"Home","item":"https:\/\/mre.ro\/"},{"@type":"ListItem","position":2,"name":"Products","item":"https:\/\/mre.ro\/produse-copy-copy\/"},{"@type":"ListItem","position":3,"name":"Instant Hot Chocolate"}]},{"@type":"WebSite","@id":"https:\/\/mre.ro\/#website","url":"https:\/\/mre.ro\/","name":"MRE by RationTech","description":"","publisher":{"@id":"https:\/\/mre.ro\/#organization"},"potentialAction":[{"@type":"SearchAction","target":{"@type":"EntryPoint","urlTemplate":"https:\/\/mre.ro\/?s={search_term_string}"},"query-input":{"@type":"PropertyValueSpecification","valueRequired":true,"valueName":"search_term_string"}}],"inLanguage":"en-US"},{"@type":"Organization","@id":"https:\/\/mre.ro\/#organization","name":"RationTech","url":"https:\/\/mre.ro\/","logo":{"@type":"ImageObject","inLanguage":"en-US","@id":"https:\/\/mre.ro\/#\/schema\/logo\/image\/","url":"https:\/\/mre.ro\/wp-content\/uploads\/2024\/07\/outdoorcuisine_romania_logo.png","contentUrl":"https:\/\/mre.ro\/wp-content\/uploads\/2024\/07\/outdoorcuisine_romania_logo.png","width":1051,"height":443,"caption":"RationTech"},"image":{"@id":"https:\/\/mre.ro\/#\/schema\/logo\/image\/"}}]}},"_links":{"self":[{"href":"https:\/\/mre.ro\/en\/wp-json\/wp\/v2\/product\/3443","targetHints":{"allow":["GET"]}}],"collection":[{"href":"https:\/\/mre.ro\/en\/wp-json\/wp\/v2\/product"}],"about":[{"href":"https:\/\/mre.ro\/en\/wp-json\/wp\/v2\/types\/product"}],"replies":[{"embeddable":true,"href":"https:\/\/mre.ro\/en\/wp-json\/wp\/v2\/comments?post=3443"}],"version-history":[{"count":4,"href":"https:\/\/mre.ro\/en\/wp-json\/wp\/v2\/product\/3443\/revisions"}],"predecessor-version":[{"id":4056,"href":"https:\/\/mre.ro\/en\/wp-json\/wp\/v2\/product\/3443\/revisions\/4056"}],"wp:featuredmedia":[{"embeddable":true,"href":"https:\/\/mre.ro\/en\/wp-json\/wp\/v2\/media\/3262"}],"wp:attachment":[{"href":"https:\/\/mre.ro\/en\/wp-json\/wp\/v2\/media?parent=3443"}],"wp:term":[{"taxonomy":"product_brand","embeddable":true,"href":"https:\/\/mre.ro\/en\/wp-json\/wp\/v2\/product_brand?post=3443"},{"taxonomy":"product_cat","embeddable":true,"href":"https:\/\/mre.ro\/en\/wp-json\/wp\/v2\/product_cat?post=3443"},{"taxonomy":"product_tag","embeddable":true,"href":"https:\/\/mre.ro\/en\/wp-json\/wp\/v2\/product_tag?post=3443"}],"curies":[{"name":"wp","href":"https:\/\/api.w.org\/{rel}","templated":true}]}}