{"id":3441,"date":"2024-08-20T10:40:35","date_gmt":"2024-08-20T10:40:35","guid":{"rendered":"https:\/\/outdoor.promocrat.ro\/produs\/biscuiti-ovaz\/"},"modified":"2024-12-16T12:37:55","modified_gmt":"2024-12-16T12:37:55","slug":"oatmeal-cookies","status":"publish","type":"product","link":"https:\/\/mre.ro\/en\/produs\/oatmeal-cookies\/","title":{"rendered":"Oatmeal Cookies"},"content":{"rendered":"<p><strong>Ingredients<\/strong>: Whole wheat flour (gluten) (32%), non-hydrogenated vegetable oil [palm fruit with antioxidant (TBHQ (E319)) (13%)], sugar (12%), chopped oats, whole oats, coconut, water, hydrogenated vegetable fats and oils [palm fruit and\/or palm seed, salt, emulsifier (monoglycerides (E471), sunflower lecithin (E322)), preservatives [sodium benzoate (E211) or potassium sorbate (E202), citric acid (E330)], antioxidants [BHA (E320) or TBHQ (E319)], flavoring (butter)], syrup, salt, flavoring [caramel and vanilla], sodium bicarbonate (E500).<\/p>\n<p><strong>Allergens<\/strong>: Wheat, gluten.<\/p>\n<p><strong>Warning<\/strong>:This product was manufactured in a facility that processes peanuts, tree nuts (almonds, cashews, hazelnuts), fish, eggs, sesame seeds, and soy.<\/p>\n<p><strong>Storage Conditions<\/strong>:The storage area must be cool (ambient temperature), dry (+\/- 50% relative humidity), and protected from direct sunlight.<\/p>\n<p><strong>Shelf Life<\/strong>:Rationtech cannot guarantee the shelf life of any product that is repackaged, stored or handled outside of its direct control. 36 months (or as indicated) from the processing date for packaged products, provided the product is stored according to the specified storage conditions.<\/p>\n<p><strong>Transport Packaging<\/strong>: In sealed food-grade containers and\/or packaged in corrugated cardboard boxes.<\/p>\n<p><strong>Contraindications<\/strong>: Not recommended for infants or for feeding young children. The product may pose a choking hazard for children.<\/p>\n<p><strong>International Standards<\/strong>:<\/p>\n<ul>\n<li>Food safety management system implemented.<\/li>\n<li>Halal certified.<\/li>\n<li>Non-GMO.<\/li>\n<li>Allergen control system in place.<\/li>\n<\/ul>\n","protected":false},"excerpt":{"rendered":"<p>10 x 100g<\/p>\n","protected":false},"featured_media":3256,"comment_status":"open","ping_status":"closed","template":"","meta":{"_acf_changed":false},"product_brand":[],"product_cat":[106],"product_tag":[147,146,109],"class_list":{"0":"post-3441","1":"product","2":"type-product","3":"status-publish","4":"has-post-thumbnail","6":"product_cat-sweets","7":"product_tag-biscuiti-ovaz-en","8":"product_tag-cookies","9":"product_tag-dulciuri-en","11":"first","12":"instock","13":"shipping-taxable","14":"product-type-simple"},"acf":[],"yoast_head":"<!-- This site is optimized with the Yoast SEO plugin v24.3 - https:\/\/yoast.com\/wordpress\/plugins\/seo\/ -->\n<title>Oat Biscuits | Healthy Snack for Hikes and Expeditions- MRE by RationTech<\/title>\n<meta name=\"description\" content=\"Crispy Oatmeal Cookies, a healthy and nourishing snack, perfect for breaks during hiking and camping. Ideal for an energy boost.\" \/>\n<meta name=\"robots\" content=\"index, follow, max-snippet:-1, max-image-preview:large, max-video-preview:-1\" \/>\n<link rel=\"canonical\" href=\"https:\/\/mre.ro\/en\/produs\/oatmeal-cookies\/\" \/>\n<meta property=\"og:locale\" content=\"en_US\" \/>\n<meta property=\"og:type\" content=\"article\" \/>\n<meta property=\"og:title\" content=\"Oat Biscuits | Healthy Snack for Hikes and Expeditions- MRE by RationTech\" \/>\n<meta property=\"og:description\" content=\"Crispy Oatmeal Cookies, a healthy and nourishing snack, perfect for breaks during hiking and camping. Ideal for an energy boost.\" \/>\n<meta property=\"og:url\" content=\"https:\/\/mre.ro\/en\/produs\/oatmeal-cookies\/\" \/>\n<meta property=\"og:site_name\" content=\"MRE by RationTech\" \/>\n<meta property=\"article:modified_time\" content=\"2024-12-16T12:37:55+00:00\" \/>\n<meta property=\"og:image\" content=\"https:\/\/mre.ro\/wp-content\/uploads\/2024\/08\/biscuiti-de-ovaz_n.jpg\" \/>\n\t<meta property=\"og:image:width\" content=\"1350\" \/>\n\t<meta property=\"og:image:height\" content=\"1350\" \/>\n\t<meta property=\"og:image:type\" content=\"image\/jpeg\" \/>\n<meta name=\"twitter:card\" content=\"summary_large_image\" \/>\n<meta name=\"twitter:label1\" content=\"Est. reading time\" \/>\n\t<meta name=\"twitter:data1\" content=\"2 minutes\" \/>\n<script type=\"application\/ld+json\" class=\"yoast-schema-graph\">{\"@context\":\"https:\/\/schema.org\",\"@graph\":[{\"@type\":\"WebPage\",\"@id\":\"https:\/\/mre.ro\/en\/produs\/oatmeal-cookies\/\",\"url\":\"https:\/\/mre.ro\/en\/produs\/oatmeal-cookies\/\",\"name\":\"Oat Biscuits | Healthy Snack for Hikes and Expeditions- MRE by RationTech\",\"isPartOf\":{\"@id\":\"https:\/\/mre.ro\/#website\"},\"primaryImageOfPage\":{\"@id\":\"https:\/\/mre.ro\/en\/produs\/oatmeal-cookies\/#primaryimage\"},\"image\":{\"@id\":\"https:\/\/mre.ro\/en\/produs\/oatmeal-cookies\/#primaryimage\"},\"thumbnailUrl\":\"https:\/\/mre.ro\/wp-content\/uploads\/2024\/08\/biscuiti-de-ovaz_n.jpg\",\"datePublished\":\"2024-08-20T10:40:35+00:00\",\"dateModified\":\"2024-12-16T12:37:55+00:00\",\"description\":\"Crispy Oatmeal Cookies, a healthy and nourishing snack, perfect for breaks during hiking and camping. Ideal for an energy boost.\",\"breadcrumb\":{\"@id\":\"https:\/\/mre.ro\/en\/produs\/oatmeal-cookies\/#breadcrumb\"},\"inLanguage\":\"en-US\",\"potentialAction\":[{\"@type\":\"ReadAction\",\"target\":[\"https:\/\/mre.ro\/en\/produs\/oatmeal-cookies\/\"]}]},{\"@type\":\"ImageObject\",\"inLanguage\":\"en-US\",\"@id\":\"https:\/\/mre.ro\/en\/produs\/oatmeal-cookies\/#primaryimage\",\"url\":\"https:\/\/mre.ro\/wp-content\/uploads\/2024\/08\/biscuiti-de-ovaz_n.jpg\",\"contentUrl\":\"https:\/\/mre.ro\/wp-content\/uploads\/2024\/08\/biscuiti-de-ovaz_n.jpg\",\"width\":1350,\"height\":1350,\"caption\":\"Biscui\u021bi de ov\u0103z, perfec\u021bi pentru o pauz\u0103 hr\u0103nitoare \u00een natur\u0103\"},{\"@type\":\"BreadcrumbList\",\"@id\":\"https:\/\/mre.ro\/en\/produs\/oatmeal-cookies\/#breadcrumb\",\"itemListElement\":[{\"@type\":\"ListItem\",\"position\":1,\"name\":\"Home\",\"item\":\"https:\/\/mre.ro\/\"},{\"@type\":\"ListItem\",\"position\":2,\"name\":\"Products\",\"item\":\"https:\/\/mre.ro\/produse-copy-copy\/\"},{\"@type\":\"ListItem\",\"position\":3,\"name\":\"Oatmeal Cookies\"}]},{\"@type\":\"WebSite\",\"@id\":\"https:\/\/mre.ro\/#website\",\"url\":\"https:\/\/mre.ro\/\",\"name\":\"MRE by RationTech\",\"description\":\"\",\"publisher\":{\"@id\":\"https:\/\/mre.ro\/#organization\"},\"potentialAction\":[{\"@type\":\"SearchAction\",\"target\":{\"@type\":\"EntryPoint\",\"urlTemplate\":\"https:\/\/mre.ro\/?s={search_term_string}\"},\"query-input\":{\"@type\":\"PropertyValueSpecification\",\"valueRequired\":true,\"valueName\":\"search_term_string\"}}],\"inLanguage\":\"en-US\"},{\"@type\":\"Organization\",\"@id\":\"https:\/\/mre.ro\/#organization\",\"name\":\"RationTech\",\"url\":\"https:\/\/mre.ro\/\",\"logo\":{\"@type\":\"ImageObject\",\"inLanguage\":\"en-US\",\"@id\":\"https:\/\/mre.ro\/#\/schema\/logo\/image\/\",\"url\":\"https:\/\/mre.ro\/wp-content\/uploads\/2024\/07\/outdoorcuisine_romania_logo.png\",\"contentUrl\":\"https:\/\/mre.ro\/wp-content\/uploads\/2024\/07\/outdoorcuisine_romania_logo.png\",\"width\":1051,\"height\":443,\"caption\":\"RationTech\"},\"image\":{\"@id\":\"https:\/\/mre.ro\/#\/schema\/logo\/image\/\"}}]}<\/script>\n<!-- \/ Yoast SEO plugin. -->","yoast_head_json":{"title":"Oat Biscuits | Healthy Snack for Hikes and Expeditions- MRE by RationTech","description":"Crispy Oatmeal Cookies, a healthy and nourishing snack, perfect for breaks during hiking and camping. Ideal for an energy boost.","robots":{"index":"index","follow":"follow","max-snippet":"max-snippet:-1","max-image-preview":"max-image-preview:large","max-video-preview":"max-video-preview:-1"},"canonical":"https:\/\/mre.ro\/en\/produs\/oatmeal-cookies\/","og_locale":"en_US","og_type":"article","og_title":"Oat Biscuits | Healthy Snack for Hikes and Expeditions- MRE by RationTech","og_description":"Crispy Oatmeal Cookies, a healthy and nourishing snack, perfect for breaks during hiking and camping. Ideal for an energy boost.","og_url":"https:\/\/mre.ro\/en\/produs\/oatmeal-cookies\/","og_site_name":"MRE by RationTech","article_modified_time":"2024-12-16T12:37:55+00:00","og_image":[{"width":1350,"height":1350,"url":"https:\/\/mre.ro\/wp-content\/uploads\/2024\/08\/biscuiti-de-ovaz_n.jpg","type":"image\/jpeg"}],"twitter_card":"summary_large_image","twitter_misc":{"Est. reading time":"2 minutes"},"schema":{"@context":"https:\/\/schema.org","@graph":[{"@type":"WebPage","@id":"https:\/\/mre.ro\/en\/produs\/oatmeal-cookies\/","url":"https:\/\/mre.ro\/en\/produs\/oatmeal-cookies\/","name":"Oat Biscuits | Healthy Snack for Hikes and Expeditions- MRE by RationTech","isPartOf":{"@id":"https:\/\/mre.ro\/#website"},"primaryImageOfPage":{"@id":"https:\/\/mre.ro\/en\/produs\/oatmeal-cookies\/#primaryimage"},"image":{"@id":"https:\/\/mre.ro\/en\/produs\/oatmeal-cookies\/#primaryimage"},"thumbnailUrl":"https:\/\/mre.ro\/wp-content\/uploads\/2024\/08\/biscuiti-de-ovaz_n.jpg","datePublished":"2024-08-20T10:40:35+00:00","dateModified":"2024-12-16T12:37:55+00:00","description":"Crispy Oatmeal Cookies, a healthy and nourishing snack, perfect for breaks during hiking and camping. Ideal for an energy boost.","breadcrumb":{"@id":"https:\/\/mre.ro\/en\/produs\/oatmeal-cookies\/#breadcrumb"},"inLanguage":"en-US","potentialAction":[{"@type":"ReadAction","target":["https:\/\/mre.ro\/en\/produs\/oatmeal-cookies\/"]}]},{"@type":"ImageObject","inLanguage":"en-US","@id":"https:\/\/mre.ro\/en\/produs\/oatmeal-cookies\/#primaryimage","url":"https:\/\/mre.ro\/wp-content\/uploads\/2024\/08\/biscuiti-de-ovaz_n.jpg","contentUrl":"https:\/\/mre.ro\/wp-content\/uploads\/2024\/08\/biscuiti-de-ovaz_n.jpg","width":1350,"height":1350,"caption":"Biscui\u021bi de ov\u0103z, perfec\u021bi pentru o pauz\u0103 hr\u0103nitoare \u00een natur\u0103"},{"@type":"BreadcrumbList","@id":"https:\/\/mre.ro\/en\/produs\/oatmeal-cookies\/#breadcrumb","itemListElement":[{"@type":"ListItem","position":1,"name":"Home","item":"https:\/\/mre.ro\/"},{"@type":"ListItem","position":2,"name":"Products","item":"https:\/\/mre.ro\/produse-copy-copy\/"},{"@type":"ListItem","position":3,"name":"Oatmeal Cookies"}]},{"@type":"WebSite","@id":"https:\/\/mre.ro\/#website","url":"https:\/\/mre.ro\/","name":"MRE by RationTech","description":"","publisher":{"@id":"https:\/\/mre.ro\/#organization"},"potentialAction":[{"@type":"SearchAction","target":{"@type":"EntryPoint","urlTemplate":"https:\/\/mre.ro\/?s={search_term_string}"},"query-input":{"@type":"PropertyValueSpecification","valueRequired":true,"valueName":"search_term_string"}}],"inLanguage":"en-US"},{"@type":"Organization","@id":"https:\/\/mre.ro\/#organization","name":"RationTech","url":"https:\/\/mre.ro\/","logo":{"@type":"ImageObject","inLanguage":"en-US","@id":"https:\/\/mre.ro\/#\/schema\/logo\/image\/","url":"https:\/\/mre.ro\/wp-content\/uploads\/2024\/07\/outdoorcuisine_romania_logo.png","contentUrl":"https:\/\/mre.ro\/wp-content\/uploads\/2024\/07\/outdoorcuisine_romania_logo.png","width":1051,"height":443,"caption":"RationTech"},"image":{"@id":"https:\/\/mre.ro\/#\/schema\/logo\/image\/"}}]}},"_links":{"self":[{"href":"https:\/\/mre.ro\/en\/wp-json\/wp\/v2\/product\/3441","targetHints":{"allow":["GET"]}}],"collection":[{"href":"https:\/\/mre.ro\/en\/wp-json\/wp\/v2\/product"}],"about":[{"href":"https:\/\/mre.ro\/en\/wp-json\/wp\/v2\/types\/product"}],"replies":[{"embeddable":true,"href":"https:\/\/mre.ro\/en\/wp-json\/wp\/v2\/comments?post=3441"}],"version-history":[{"count":4,"href":"https:\/\/mre.ro\/en\/wp-json\/wp\/v2\/product\/3441\/revisions"}],"predecessor-version":[{"id":4046,"href":"https:\/\/mre.ro\/en\/wp-json\/wp\/v2\/product\/3441\/revisions\/4046"}],"wp:featuredmedia":[{"embeddable":true,"href":"https:\/\/mre.ro\/en\/wp-json\/wp\/v2\/media\/3256"}],"wp:attachment":[{"href":"https:\/\/mre.ro\/en\/wp-json\/wp\/v2\/media?parent=3441"}],"wp:term":[{"taxonomy":"product_brand","embeddable":true,"href":"https:\/\/mre.ro\/en\/wp-json\/wp\/v2\/product_brand?post=3441"},{"taxonomy":"product_cat","embeddable":true,"href":"https:\/\/mre.ro\/en\/wp-json\/wp\/v2\/product_cat?post=3441"},{"taxonomy":"product_tag","embeddable":true,"href":"https:\/\/mre.ro\/en\/wp-json\/wp\/v2\/product_tag?post=3441"}],"curies":[{"name":"wp","href":"https:\/\/api.w.org\/{rel}","templated":true}]}}