{"id":3422,"date":"2024-10-21T13:22:42","date_gmt":"2024-10-21T13:22:42","guid":{"rendered":"https:\/\/outdoor.promocrat.ro\/produs\/izotonic-tropical-ananas\/"},"modified":"2024-12-16T12:59:39","modified_gmt":"2024-12-16T12:59:39","slug":"tropical-pineapple-isotonic","status":"publish","type":"product","link":"https:\/\/mre.ro\/en\/produs\/tropical-pineapple-isotonic\/","title":{"rendered":"Tropical energy drink"},"content":{"rendered":"<p><strong>Allergens<\/strong>: None.<\/p>\n<p><strong>Warning<\/strong>: This product is manufactured in a facility that processes soy, peanuts, sulfur dioxide, wheat, gluten, milk, and eggs.<\/p>\n<p><strong>Type<\/strong>: Instant Drink.<\/p>\n<p><strong>Storage conditions<\/strong>: : The storage area must be cool (ambient temperature), dry (+\/- 50% relative humidity), and protected from direct sunlight.<\/p>\n<p><strong>Shelf life<\/strong>: Rationtech cannot guarantee the shelf life of any product that is repackaged, stored, or handled outside its direct control. 36 months (or as indicated) from the processing date for packaged products, provided the product is stored in accordance with the specified storage conditions.<\/p>\n<p><strong>Packaging for transport<\/strong>: In sealed food-grade containers and\/or packed in corrugated cardboard boxes.<\/p>\n<p><strong>Contraindications<\/strong>: Not recommended for infants or children\u2019s feeding. The product may pose a choking hazard for children.<\/p>\n<p><strong>International standards<\/strong>:<\/p>\n<p>Food safety management system implemented, Halaal, Non-GMO.<br \/>\nAllergen control system in place.<\/p>\n","protected":false},"excerpt":{"rendered":"<p>10 x 50 g<\/p>\n","protected":false},"featured_media":3295,"comment_status":"open","ping_status":"closed","template":"","meta":{"_acf_changed":false},"product_brand":[],"product_cat":[114],"product_tag":[116,115,117],"class_list":{"0":"post-3422","1":"product","2":"type-product","3":"status-publish","4":"has-post-thumbnail","6":"product_cat-drinks","7":"product_tag-drinks","8":"product_tag-energy-drink","9":"product_tag-izotonic-en","11":"first","12":"instock","13":"shipping-taxable","14":"product-type-simple"},"acf":[],"yoast_head":"<!-- This site is optimized with the Yoast SEO plugin v24.3 - https:\/\/yoast.com\/wordpress\/plugins\/seo\/ -->\n<title>Tropical Isotonic with Pineapple Hydration for Fitness &amp; Expeditions<\/title>\n<meta name=\"description\" content=\"Tropical Isotonic with Pineapple Flavor, Ideal for Rehydration and Energy During Expeditions, Hiking, and Intense Workouts. Perfect for a Natural Boost!\" \/>\n<meta name=\"robots\" content=\"index, follow, max-snippet:-1, max-image-preview:large, max-video-preview:-1\" \/>\n<link rel=\"canonical\" href=\"https:\/\/mre.ro\/en\/produs\/tropical-pineapple-isotonic\/\" \/>\n<meta property=\"og:locale\" content=\"en_US\" \/>\n<meta property=\"og:type\" content=\"article\" \/>\n<meta property=\"og:title\" content=\"Tropical Isotonic with Pineapple Hydration for Fitness &amp; Expeditions\" \/>\n<meta property=\"og:description\" content=\"Tropical Isotonic with Pineapple Flavor, Ideal for Rehydration and Energy During Expeditions, Hiking, and Intense Workouts. Perfect for a Natural Boost!\" \/>\n<meta property=\"og:url\" content=\"https:\/\/mre.ro\/en\/produs\/tropical-pineapple-isotonic\/\" \/>\n<meta property=\"og:site_name\" content=\"MRE by RationTech\" \/>\n<meta property=\"article:modified_time\" content=\"2024-12-16T12:59:39+00:00\" \/>\n<meta property=\"og:image\" content=\"https:\/\/mre.ro\/wp-content\/uploads\/2024\/10\/Izotonic-tropical-scaled.jpg\" \/>\n\t<meta property=\"og:image:width\" content=\"2560\" \/>\n\t<meta property=\"og:image:height\" content=\"2560\" \/>\n\t<meta property=\"og:image:type\" content=\"image\/jpeg\" \/>\n<meta name=\"twitter:card\" content=\"summary_large_image\" \/>\n<meta name=\"twitter:label1\" content=\"Est. reading time\" \/>\n\t<meta name=\"twitter:data1\" content=\"1 minute\" \/>\n<script type=\"application\/ld+json\" class=\"yoast-schema-graph\">{\"@context\":\"https:\/\/schema.org\",\"@graph\":[{\"@type\":\"WebPage\",\"@id\":\"https:\/\/mre.ro\/en\/produs\/tropical-pineapple-isotonic\/\",\"url\":\"https:\/\/mre.ro\/en\/produs\/tropical-pineapple-isotonic\/\",\"name\":\"Tropical Isotonic with Pineapple Hydration for Fitness & Expeditions\",\"isPartOf\":{\"@id\":\"https:\/\/mre.ro\/#website\"},\"primaryImageOfPage\":{\"@id\":\"https:\/\/mre.ro\/en\/produs\/tropical-pineapple-isotonic\/#primaryimage\"},\"image\":{\"@id\":\"https:\/\/mre.ro\/en\/produs\/tropical-pineapple-isotonic\/#primaryimage\"},\"thumbnailUrl\":\"https:\/\/mre.ro\/wp-content\/uploads\/2024\/10\/Izotonic-tropical-scaled.jpg\",\"datePublished\":\"2024-10-21T13:22:42+00:00\",\"dateModified\":\"2024-12-16T12:59:39+00:00\",\"description\":\"Tropical Isotonic with Pineapple Flavor, Ideal for Rehydration and Energy During Expeditions, Hiking, and Intense Workouts. Perfect for a Natural Boost!\",\"breadcrumb\":{\"@id\":\"https:\/\/mre.ro\/en\/produs\/tropical-pineapple-isotonic\/#breadcrumb\"},\"inLanguage\":\"en-US\",\"potentialAction\":[{\"@type\":\"ReadAction\",\"target\":[\"https:\/\/mre.ro\/en\/produs\/tropical-pineapple-isotonic\/\"]}]},{\"@type\":\"ImageObject\",\"inLanguage\":\"en-US\",\"@id\":\"https:\/\/mre.ro\/en\/produs\/tropical-pineapple-isotonic\/#primaryimage\",\"url\":\"https:\/\/mre.ro\/wp-content\/uploads\/2024\/10\/Izotonic-tropical-scaled.jpg\",\"contentUrl\":\"https:\/\/mre.ro\/wp-content\/uploads\/2024\/10\/Izotonic-tropical-scaled.jpg\",\"width\":2560,\"height\":2560,\"caption\":\"B\u0103utur\u0103 energizant\u0103 cu arom\u0103 tropical\u0103, ideal\u0103 pentru expedi\u021bii \u0219i fitness\"},{\"@type\":\"BreadcrumbList\",\"@id\":\"https:\/\/mre.ro\/en\/produs\/tropical-pineapple-isotonic\/#breadcrumb\",\"itemListElement\":[{\"@type\":\"ListItem\",\"position\":1,\"name\":\"Home\",\"item\":\"https:\/\/mre.ro\/\"},{\"@type\":\"ListItem\",\"position\":2,\"name\":\"Products\",\"item\":\"https:\/\/mre.ro\/produse-copy-copy\/\"},{\"@type\":\"ListItem\",\"position\":3,\"name\":\"Tropical energy drink\"}]},{\"@type\":\"WebSite\",\"@id\":\"https:\/\/mre.ro\/#website\",\"url\":\"https:\/\/mre.ro\/\",\"name\":\"MRE by RationTech\",\"description\":\"\",\"publisher\":{\"@id\":\"https:\/\/mre.ro\/#organization\"},\"potentialAction\":[{\"@type\":\"SearchAction\",\"target\":{\"@type\":\"EntryPoint\",\"urlTemplate\":\"https:\/\/mre.ro\/?s={search_term_string}\"},\"query-input\":{\"@type\":\"PropertyValueSpecification\",\"valueRequired\":true,\"valueName\":\"search_term_string\"}}],\"inLanguage\":\"en-US\"},{\"@type\":\"Organization\",\"@id\":\"https:\/\/mre.ro\/#organization\",\"name\":\"RationTech\",\"url\":\"https:\/\/mre.ro\/\",\"logo\":{\"@type\":\"ImageObject\",\"inLanguage\":\"en-US\",\"@id\":\"https:\/\/mre.ro\/#\/schema\/logo\/image\/\",\"url\":\"https:\/\/mre.ro\/wp-content\/uploads\/2024\/07\/outdoorcuisine_romania_logo.png\",\"contentUrl\":\"https:\/\/mre.ro\/wp-content\/uploads\/2024\/07\/outdoorcuisine_romania_logo.png\",\"width\":1051,\"height\":443,\"caption\":\"RationTech\"},\"image\":{\"@id\":\"https:\/\/mre.ro\/#\/schema\/logo\/image\/\"}}]}<\/script>\n<!-- \/ Yoast SEO plugin. -->","yoast_head_json":{"title":"Tropical Isotonic with Pineapple Hydration for Fitness & Expeditions","description":"Tropical Isotonic with Pineapple Flavor, Ideal for Rehydration and Energy During Expeditions, Hiking, and Intense Workouts. Perfect for a Natural Boost!","robots":{"index":"index","follow":"follow","max-snippet":"max-snippet:-1","max-image-preview":"max-image-preview:large","max-video-preview":"max-video-preview:-1"},"canonical":"https:\/\/mre.ro\/en\/produs\/tropical-pineapple-isotonic\/","og_locale":"en_US","og_type":"article","og_title":"Tropical Isotonic with Pineapple Hydration for Fitness & Expeditions","og_description":"Tropical Isotonic with Pineapple Flavor, Ideal for Rehydration and Energy During Expeditions, Hiking, and Intense Workouts. Perfect for a Natural Boost!","og_url":"https:\/\/mre.ro\/en\/produs\/tropical-pineapple-isotonic\/","og_site_name":"MRE by RationTech","article_modified_time":"2024-12-16T12:59:39+00:00","og_image":[{"width":2560,"height":2560,"url":"https:\/\/mre.ro\/wp-content\/uploads\/2024\/10\/Izotonic-tropical-scaled.jpg","type":"image\/jpeg"}],"twitter_card":"summary_large_image","twitter_misc":{"Est. reading time":"1 minute"},"schema":{"@context":"https:\/\/schema.org","@graph":[{"@type":"WebPage","@id":"https:\/\/mre.ro\/en\/produs\/tropical-pineapple-isotonic\/","url":"https:\/\/mre.ro\/en\/produs\/tropical-pineapple-isotonic\/","name":"Tropical Isotonic with Pineapple Hydration for Fitness & Expeditions","isPartOf":{"@id":"https:\/\/mre.ro\/#website"},"primaryImageOfPage":{"@id":"https:\/\/mre.ro\/en\/produs\/tropical-pineapple-isotonic\/#primaryimage"},"image":{"@id":"https:\/\/mre.ro\/en\/produs\/tropical-pineapple-isotonic\/#primaryimage"},"thumbnailUrl":"https:\/\/mre.ro\/wp-content\/uploads\/2024\/10\/Izotonic-tropical-scaled.jpg","datePublished":"2024-10-21T13:22:42+00:00","dateModified":"2024-12-16T12:59:39+00:00","description":"Tropical Isotonic with Pineapple Flavor, Ideal for Rehydration and Energy During Expeditions, Hiking, and Intense Workouts. Perfect for a Natural Boost!","breadcrumb":{"@id":"https:\/\/mre.ro\/en\/produs\/tropical-pineapple-isotonic\/#breadcrumb"},"inLanguage":"en-US","potentialAction":[{"@type":"ReadAction","target":["https:\/\/mre.ro\/en\/produs\/tropical-pineapple-isotonic\/"]}]},{"@type":"ImageObject","inLanguage":"en-US","@id":"https:\/\/mre.ro\/en\/produs\/tropical-pineapple-isotonic\/#primaryimage","url":"https:\/\/mre.ro\/wp-content\/uploads\/2024\/10\/Izotonic-tropical-scaled.jpg","contentUrl":"https:\/\/mre.ro\/wp-content\/uploads\/2024\/10\/Izotonic-tropical-scaled.jpg","width":2560,"height":2560,"caption":"B\u0103utur\u0103 energizant\u0103 cu arom\u0103 tropical\u0103, ideal\u0103 pentru expedi\u021bii \u0219i fitness"},{"@type":"BreadcrumbList","@id":"https:\/\/mre.ro\/en\/produs\/tropical-pineapple-isotonic\/#breadcrumb","itemListElement":[{"@type":"ListItem","position":1,"name":"Home","item":"https:\/\/mre.ro\/"},{"@type":"ListItem","position":2,"name":"Products","item":"https:\/\/mre.ro\/produse-copy-copy\/"},{"@type":"ListItem","position":3,"name":"Tropical energy drink"}]},{"@type":"WebSite","@id":"https:\/\/mre.ro\/#website","url":"https:\/\/mre.ro\/","name":"MRE by RationTech","description":"","publisher":{"@id":"https:\/\/mre.ro\/#organization"},"potentialAction":[{"@type":"SearchAction","target":{"@type":"EntryPoint","urlTemplate":"https:\/\/mre.ro\/?s={search_term_string}"},"query-input":{"@type":"PropertyValueSpecification","valueRequired":true,"valueName":"search_term_string"}}],"inLanguage":"en-US"},{"@type":"Organization","@id":"https:\/\/mre.ro\/#organization","name":"RationTech","url":"https:\/\/mre.ro\/","logo":{"@type":"ImageObject","inLanguage":"en-US","@id":"https:\/\/mre.ro\/#\/schema\/logo\/image\/","url":"https:\/\/mre.ro\/wp-content\/uploads\/2024\/07\/outdoorcuisine_romania_logo.png","contentUrl":"https:\/\/mre.ro\/wp-content\/uploads\/2024\/07\/outdoorcuisine_romania_logo.png","width":1051,"height":443,"caption":"RationTech"},"image":{"@id":"https:\/\/mre.ro\/#\/schema\/logo\/image\/"}}]}},"_links":{"self":[{"href":"https:\/\/mre.ro\/en\/wp-json\/wp\/v2\/product\/3422","targetHints":{"allow":["GET"]}}],"collection":[{"href":"https:\/\/mre.ro\/en\/wp-json\/wp\/v2\/product"}],"about":[{"href":"https:\/\/mre.ro\/en\/wp-json\/wp\/v2\/types\/product"}],"replies":[{"embeddable":true,"href":"https:\/\/mre.ro\/en\/wp-json\/wp\/v2\/comments?post=3422"}],"version-history":[{"count":5,"href":"https:\/\/mre.ro\/en\/wp-json\/wp\/v2\/product\/3422\/revisions"}],"predecessor-version":[{"id":4054,"href":"https:\/\/mre.ro\/en\/wp-json\/wp\/v2\/product\/3422\/revisions\/4054"}],"wp:featuredmedia":[{"embeddable":true,"href":"https:\/\/mre.ro\/en\/wp-json\/wp\/v2\/media\/3295"}],"wp:attachment":[{"href":"https:\/\/mre.ro\/en\/wp-json\/wp\/v2\/media?parent=3422"}],"wp:term":[{"taxonomy":"product_brand","embeddable":true,"href":"https:\/\/mre.ro\/en\/wp-json\/wp\/v2\/product_brand?post=3422"},{"taxonomy":"product_cat","embeddable":true,"href":"https:\/\/mre.ro\/en\/wp-json\/wp\/v2\/product_cat?post=3422"},{"taxonomy":"product_tag","embeddable":true,"href":"https:\/\/mre.ro\/en\/wp-json\/wp\/v2\/product_tag?post=3422"}],"curies":[{"name":"wp","href":"https:\/\/api.w.org\/{rel}","templated":true}]}}